{"id":709,"date":"2024-08-09T11:02:24","date_gmt":"2024-08-09T09:02:24","guid":{"rendered":"https:\/\/www.madnaughty.cz\/?post_type=product&#038;p=709"},"modified":"2024-08-14T08:47:21","modified_gmt":"2024-08-14T06:47:21","slug":"sklenicka-dead-inside","status":"publish","type":"product","link":"http:\/\/www.madnaughty.cz\/?product=sklenicka-dead-inside","title":{"rendered":"Skleni\u010dka \u2013 Dead inside"},"content":{"rendered":"<p>Pro ty, kte\u0159\u00ed zvl\u00e1daj\u00ed den jen d\u00edky d\u00e1vce kofeinu! Skleni\u010dka ve tvaru plechovky s n\u00e1pisem &#8222;<strong>Dead Inside But Caffeined\u2026<\/strong>&#8220; je tou pravou volbou, kdy\u017e chcete vyj\u00e1d\u0159it sv\u00e9 pocity s nadhledem a trochou sarkasmu. S objemem 473 ml je ide\u00e1ln\u00ed pro studen\u00e9 n\u00e1poje, a\u0165 u\u017e je to k\u00e1va, ledov\u00fd \u010daj nebo cokoli jin\u00e9ho, co v\u00e1s dr\u017e\u00ed na nohou. Stylov\u00fd a vtipn\u00fd dopln\u011bk, kter\u00fd v\u00e1m zp\u0159\u00edjemn\u00ed ka\u017ed\u00fd den.<\/p>\n<p>Skleni\u010dka na studen\u00e9 n\u00e1poje BEER CAN s ru\u010dn\u011b lepen\u00fdm motivem.<br \/>\nObjem \u2013 473 ml<\/p>\n<p><strong>Skleni\u010dka nen\u00ed vhodn\u00e1 na hork\u00e9 n\u00e1poje ani do my\u010dky \u010di mikrovlnky.<br \/>\nMyt\u00ed pouze v ruce, neodmo\u010dujte.\u00a0<\/strong><\/p>\n","protected":false},"excerpt":{"rendered":"<p>Skleni\u010dka na studen\u00e9 n\u00e1poje BEER CAN s ru\u010dn\u011b lepen\u00fdm motivem.<\/p>\n","protected":false},"featured_media":710,"comment_status":"open","ping_status":"closed","template":"","meta":[],"product_cat":[73],"product_tag":[102,117,109,112,103],"class_list":{"0":"post-709","1":"product","2":"type-product","3":"status-publish","4":"has-post-thumbnail","6":"product_cat-sklenicky","7":"product_tag-halloween","8":"product_tag-mental-healt","9":"product_tag-sarkasticke","10":"product_tag-valentyn","11":"product_tag-z-lasky","13":"first","14":"instock","15":"shipping-taxable","16":"purchasable","17":"product-type-simple"},"_links":{"self":[{"href":"http:\/\/www.madnaughty.cz\/index.php?rest_route=\/wp\/v2\/product\/709"}],"collection":[{"href":"http:\/\/www.madnaughty.cz\/index.php?rest_route=\/wp\/v2\/product"}],"about":[{"href":"http:\/\/www.madnaughty.cz\/index.php?rest_route=\/wp\/v2\/types\/product"}],"replies":[{"embeddable":true,"href":"http:\/\/www.madnaughty.cz\/index.php?rest_route=%2Fwp%2Fv2%2Fcomments&post=709"}],"wp:featuredmedia":[{"embeddable":true,"href":"http:\/\/www.madnaughty.cz\/index.php?rest_route=\/wp\/v2\/media\/710"}],"wp:attachment":[{"href":"http:\/\/www.madnaughty.cz\/index.php?rest_route=%2Fwp%2Fv2%2Fmedia&parent=709"}],"wp:term":[{"taxonomy":"product_cat","embeddable":true,"href":"http:\/\/www.madnaughty.cz\/index.php?rest_route=%2Fwp%2Fv2%2Fproduct_cat&post=709"},{"taxonomy":"product_tag","embeddable":true,"href":"http:\/\/www.madnaughty.cz\/index.php?rest_route=%2Fwp%2Fv2%2Fproduct_tag&post=709"}],"curies":[{"name":"wp","href":"https:\/\/api.w.org\/{rel}","templated":true}]}}