{"id":722,"date":"2024-08-09T11:05:08","date_gmt":"2024-08-09T09:05:08","guid":{"rendered":"https:\/\/www.madnaughty.cz\/?post_type=product&#038;p=722"},"modified":"2024-08-14T09:32:53","modified_gmt":"2024-08-14T07:32:53","slug":"sklenicka-stay-trashy","status":"publish","type":"product","link":"http:\/\/www.madnaughty.cz\/?product=sklenicka-stay-trashy","title":{"rendered":"Skleni\u010dka \u2013 Sassy &#038; Trashy"},"content":{"rendered":"<p>Oslavte svou unik\u00e1tnost s na\u0161\u00ed skleni\u010dkou &#8222;<strong>Sassy &amp; Trashy!<\/strong>&#8220; S objemem 473 ml a designem ve tvaru plechovky je ide\u00e1ln\u00ed pro v\u0161echny va\u0161e obl\u00edben\u00e9 studen\u00e9 n\u00e1poje \u2013 a\u0165 u\u017e jde o osv\u011b\u017euj\u00edc\u00ed limon\u00e1du, ledov\u00fd \u010daj nebo koktejl, kter\u00fd si u\u017e\u00edv\u00e1te v pln\u00e9 par\u00e1d\u011b.<\/p>\n<p>Tato skleni\u010dka p\u0159id\u00e1 \u0161mrnc a osobitost ka\u017ed\u00e9mu dou\u0161ku, a\u0165 u\u017e relaxujete doma nebo oslavujete s p\u0159\u00e1teli. Pro zachov\u00e1n\u00ed dlouh\u00e9 \u017eivotnosti a vzhledu doporu\u010dujeme ru\u010dn\u00ed myt\u00ed.<\/p>\n<p>Skleni\u010dka na studen\u00e9 n\u00e1poje BEER CAN s ru\u010dn\u011b lepen\u00fdm motivem.<br \/>\nObjem \u2013 473 ml<\/p>\n<p><strong>Skleni\u010dka nen\u00ed vhodn\u00e1 na hork\u00e9 n\u00e1poje ani do my\u010dky \u010di mikrovlnky.<br \/>\nMyt\u00ed pouze v ruce, neodmo\u010dujte.\u00a0<\/strong><\/p>\n","protected":false},"excerpt":{"rendered":"<p>Skleni\u010dka na studen\u00e9 n\u00e1poje BEER CAN s ru\u010dn\u011b lepen\u00fdm motivem.<\/p>\n","protected":false},"featured_media":713,"comment_status":"open","ping_status":"closed","template":"","meta":[],"product_cat":[73],"product_tag":[102,109,112,103],"class_list":{"0":"post-722","1":"product","2":"type-product","3":"status-publish","4":"has-post-thumbnail","6":"product_cat-sklenicky","7":"product_tag-halloween","8":"product_tag-sarkasticke","9":"product_tag-valentyn","10":"product_tag-z-lasky","12":"first","13":"instock","14":"shipping-taxable","15":"purchasable","16":"product-type-simple"},"_links":{"self":[{"href":"http:\/\/www.madnaughty.cz\/index.php?rest_route=\/wp\/v2\/product\/722"}],"collection":[{"href":"http:\/\/www.madnaughty.cz\/index.php?rest_route=\/wp\/v2\/product"}],"about":[{"href":"http:\/\/www.madnaughty.cz\/index.php?rest_route=\/wp\/v2\/types\/product"}],"replies":[{"embeddable":true,"href":"http:\/\/www.madnaughty.cz\/index.php?rest_route=%2Fwp%2Fv2%2Fcomments&post=722"}],"wp:featuredmedia":[{"embeddable":true,"href":"http:\/\/www.madnaughty.cz\/index.php?rest_route=\/wp\/v2\/media\/713"}],"wp:attachment":[{"href":"http:\/\/www.madnaughty.cz\/index.php?rest_route=%2Fwp%2Fv2%2Fmedia&parent=722"}],"wp:term":[{"taxonomy":"product_cat","embeddable":true,"href":"http:\/\/www.madnaughty.cz\/index.php?rest_route=%2Fwp%2Fv2%2Fproduct_cat&post=722"},{"taxonomy":"product_tag","embeddable":true,"href":"http:\/\/www.madnaughty.cz\/index.php?rest_route=%2Fwp%2Fv2%2Fproduct_tag&post=722"}],"curies":[{"name":"wp","href":"https:\/\/api.w.org\/{rel}","templated":true}]}}