{"id":724,"date":"2024-08-09T11:07:28","date_gmt":"2024-08-09T09:07:28","guid":{"rendered":"https:\/\/www.madnaughty.cz\/?post_type=product&#038;p=724"},"modified":"2024-08-14T09:13:08","modified_gmt":"2024-08-14T07:13:08","slug":"sklenicka-cat-mom","status":"publish","type":"product","link":"http:\/\/www.madnaughty.cz\/?product=sklenicka-cat-mom","title":{"rendered":"Skleni\u010dka \u2013 Cat Mom"},"content":{"rendered":"<p>P\u0159iv\u00edtejte sv\u016fj nov\u00fd obl\u00edben\u00fd kousek! Na\u0161e skleni\u010dka &#8222;Cat Mom&#8220; s objemem 473 ml je nejen praktick\u00e1, ale i pln\u00e1 charakteru. S designem ve tvaru plechovky a ide\u00e1ln\u00ed pro studen\u00e9 n\u00e1poje, p\u0159id\u00e1 \u0161mrnc ka\u017ed\u00e9 k\u00e1v\u011b, limon\u00e1d\u011b nebo koktejlu.<\/p>\n<p>A\u0165 u\u017e relaxujete s ko\u010dkou po boku nebo host\u00edte p\u0159\u00e1tele, tato skleni\u010dka bude va\u0161\u00edm v\u011brn\u00fdm spole\u010dn\u00edkem. Doporu\u010dujeme ru\u010dn\u00ed myt\u00ed, aby si dlouho zachovala sv\u016fj jedine\u010dn\u00fd vzhled.<\/p>\n<p>Skleni\u010dka na studen\u00e9 n\u00e1poje BEER CAN s ru\u010dn\u011b lepen\u00fdm motivem.<br \/>\nObjem \u2013 473 ml<\/p>\n<p><strong>Skleni\u010dka nen\u00ed vhodn\u00e1 na hork\u00e9 n\u00e1poje ani do my\u010dky \u010di mikrovlnky.<br \/>\nMyt\u00ed pouze v ruce, neodmo\u010dujte.\u00a0<\/strong><\/p>\n","protected":false},"excerpt":{"rendered":"<p>Skleni\u010dka na studen\u00e9 n\u00e1poje BEER CAN s ru\u010dn\u011b lepen\u00fdm motivem.<\/p>\n","protected":false},"featured_media":714,"comment_status":"open","ping_status":"closed","template":"","meta":[],"product_cat":[73],"product_tag":[102,109,112,103],"class_list":{"0":"post-724","1":"product","2":"type-product","3":"status-publish","4":"has-post-thumbnail","6":"product_cat-sklenicky","7":"product_tag-halloween","8":"product_tag-sarkasticke","9":"product_tag-valentyn","10":"product_tag-z-lasky","12":"first","13":"instock","14":"shipping-taxable","15":"purchasable","16":"product-type-simple"},"_links":{"self":[{"href":"http:\/\/www.madnaughty.cz\/index.php?rest_route=\/wp\/v2\/product\/724"}],"collection":[{"href":"http:\/\/www.madnaughty.cz\/index.php?rest_route=\/wp\/v2\/product"}],"about":[{"href":"http:\/\/www.madnaughty.cz\/index.php?rest_route=\/wp\/v2\/types\/product"}],"replies":[{"embeddable":true,"href":"http:\/\/www.madnaughty.cz\/index.php?rest_route=%2Fwp%2Fv2%2Fcomments&post=724"}],"wp:featuredmedia":[{"embeddable":true,"href":"http:\/\/www.madnaughty.cz\/index.php?rest_route=\/wp\/v2\/media\/714"}],"wp:attachment":[{"href":"http:\/\/www.madnaughty.cz\/index.php?rest_route=%2Fwp%2Fv2%2Fmedia&parent=724"}],"wp:term":[{"taxonomy":"product_cat","embeddable":true,"href":"http:\/\/www.madnaughty.cz\/index.php?rest_route=%2Fwp%2Fv2%2Fproduct_cat&post=724"},{"taxonomy":"product_tag","embeddable":true,"href":"http:\/\/www.madnaughty.cz\/index.php?rest_route=%2Fwp%2Fv2%2Fproduct_tag&post=724"}],"curies":[{"name":"wp","href":"https:\/\/api.w.org\/{rel}","templated":true}]}}