{"id":726,"date":"2024-08-09T11:08:00","date_gmt":"2024-08-09T09:08:00","guid":{"rendered":"https:\/\/www.madnaughty.cz\/?post_type=product&#038;p=726"},"modified":"2024-08-14T09:31:57","modified_gmt":"2024-08-14T07:31:57","slug":"sklenicka-mombie","status":"publish","type":"product","link":"http:\/\/www.madnaughty.cz\/?product=sklenicka-mombie","title":{"rendered":"Skleni\u010dka \u2013 Mombie"},"content":{"rendered":"<p>P\u0159idejte do sv\u00e9ho dne d\u00e1vku humoru a \u00fat\u011bchy s na\u0161\u00ed skleni\u010dkou &#8222;<strong>Mombie<\/strong>!&#8220; S objemem 473 ml a origin\u00e1ln\u00edm tvarem plechovky je perfektn\u00ed pro v\u0161echny studen\u00e9 n\u00e1poje \u2013 a\u0165 u\u017e si dop\u0159\u00e1v\u00e1te osv\u011b\u017euj\u00edc\u00ed limon\u00e1du, ledov\u00fd \u010daj nebo sv\u016fj obl\u00edben\u00fd koktejl.<\/p>\n<p>Tato skleni\u010dka je ide\u00e1ln\u00ed pro v\u0161echny unaven\u00e9, kte\u0159\u00ed pot\u0159ebuj\u00ed trochu povzbuzen\u00ed a sm\u00edchu. Dop\u0159ejte si chvilku pro sebe a nechte svou &#8222;mombie&#8220; identitu z\u00e1\u0159it! Pro dlouhou \u017eivotnost a zachov\u00e1n\u00ed n\u00e1pisu doporu\u010dujeme ru\u010dn\u00ed myt\u00ed.<\/p>\n<p>Skleni\u010dka na studen\u00e9 n\u00e1poje BEER CAN s ru\u010dn\u011b lepen\u00fdm motivem.<br \/>\nObjem \u2013 473 ml<\/p>\n<p><strong>Skleni\u010dka nen\u00ed vhodn\u00e1 na hork\u00e9 n\u00e1poje ani do my\u010dky \u010di mikrovlnky.<br \/>\nMyt\u00ed pouze v ruce, neodmo\u010dujte.\u00a0<\/strong><\/p>\n","protected":false},"excerpt":{"rendered":"<p>Skleni\u010dka na studen\u00e9 n\u00e1poje BEER CAN s ru\u010dn\u011b lepen\u00fdm motivem.<\/p>\n","protected":false},"featured_media":715,"comment_status":"open","ping_status":"closed","template":"","meta":[],"product_cat":[73],"product_tag":[102,109,112,103],"class_list":{"0":"post-726","1":"product","2":"type-product","3":"status-publish","4":"has-post-thumbnail","6":"product_cat-sklenicky","7":"product_tag-halloween","8":"product_tag-sarkasticke","9":"product_tag-valentyn","10":"product_tag-z-lasky","12":"first","13":"instock","14":"shipping-taxable","15":"purchasable","16":"product-type-simple"},"_links":{"self":[{"href":"http:\/\/www.madnaughty.cz\/index.php?rest_route=\/wp\/v2\/product\/726"}],"collection":[{"href":"http:\/\/www.madnaughty.cz\/index.php?rest_route=\/wp\/v2\/product"}],"about":[{"href":"http:\/\/www.madnaughty.cz\/index.php?rest_route=\/wp\/v2\/types\/product"}],"replies":[{"embeddable":true,"href":"http:\/\/www.madnaughty.cz\/index.php?rest_route=%2Fwp%2Fv2%2Fcomments&post=726"}],"wp:featuredmedia":[{"embeddable":true,"href":"http:\/\/www.madnaughty.cz\/index.php?rest_route=\/wp\/v2\/media\/715"}],"wp:attachment":[{"href":"http:\/\/www.madnaughty.cz\/index.php?rest_route=%2Fwp%2Fv2%2Fmedia&parent=726"}],"wp:term":[{"taxonomy":"product_cat","embeddable":true,"href":"http:\/\/www.madnaughty.cz\/index.php?rest_route=%2Fwp%2Fv2%2Fproduct_cat&post=726"},{"taxonomy":"product_tag","embeddable":true,"href":"http:\/\/www.madnaughty.cz\/index.php?rest_route=%2Fwp%2Fv2%2Fproduct_tag&post=726"}],"curies":[{"name":"wp","href":"https:\/\/api.w.org\/{rel}","templated":true}]}}