{"id":727,"date":"2024-08-09T11:36:37","date_gmt":"2024-08-09T09:36:37","guid":{"rendered":"https:\/\/www.madnaughty.cz\/?post_type=product&#038;p=727"},"modified":"2024-08-14T08:45:56","modified_gmt":"2024-08-14T06:45:56","slug":"sklenicka-coffee-because-murder-is-wrong","status":"publish","type":"product","link":"http:\/\/www.madnaughty.cz\/?product=sklenicka-coffee-because-murder-is-wrong","title":{"rendered":"Skleni\u010dka \u2013 Coffee because murder is wrong"},"content":{"rendered":"<p>Kdy\u017e pot\u0159ebujete p\u0159ipomenut\u00ed, \u017ee k\u00e1va je v\u017edy lep\u0161\u00ed \u0159e\u0161en\u00ed ne\u017e extr\u00e9mn\u00ed opat\u0159en\u00ed. Tato skleni\u010dka ve tvaru plechovky s odv\u00e1\u017en\u00fdm n\u00e1pisem &#8222;Coffee Because Murder is Wrong&#8220; je perfektn\u00ed volbou pro milovn\u00edky studen\u00fdch n\u00e1poj\u016f s po\u0159\u00e1dnou d\u00e1vkou humoru. S objemem 473 ml poskytuje dostatek prostoru pro va\u0161i obl\u00edbenou ledovou k\u00e1vu nebo jin\u00fd osv\u011b\u017euj\u00edc\u00ed n\u00e1poj. Praktick\u00e1 a stylov\u00e1, ide\u00e1ln\u00ed pro ka\u017edodenn\u00ed pou\u017eit\u00ed nebo jako z\u00e1bavn\u00fd d\u00e1rek.<\/p>\n<p>Skleni\u010dka na studen\u00e9 n\u00e1poje BEER CAN s ru\u010dn\u011b lepen\u00fdm motivem.<br \/>\nObjem \u2013 473 ml<\/p>\n<p><strong>Skleni\u010dka nen\u00ed vhodn\u00e1 na hork\u00e9 n\u00e1poje ani do my\u010dky \u010di mikrovlnky.<br \/>\nMyt\u00ed pouze v ruce, neodmo\u010dujte.\u00a0<\/strong><\/p>\n","protected":false},"excerpt":{"rendered":"<p>Skleni\u010dka na studen\u00e9 n\u00e1poje BEER CAN s ru\u010dn\u011b lepen\u00fdm motivem.<\/p>\n","protected":false},"featured_media":716,"comment_status":"open","ping_status":"closed","template":"","meta":[],"product_cat":[73],"product_tag":[102,117,109],"class_list":{"0":"post-727","1":"product","2":"type-product","3":"status-publish","4":"has-post-thumbnail","6":"product_cat-sklenicky","7":"product_tag-halloween","8":"product_tag-mental-healt","9":"product_tag-sarkasticke","11":"first","12":"instock","13":"shipping-taxable","14":"purchasable","15":"product-type-simple"},"_links":{"self":[{"href":"http:\/\/www.madnaughty.cz\/index.php?rest_route=\/wp\/v2\/product\/727"}],"collection":[{"href":"http:\/\/www.madnaughty.cz\/index.php?rest_route=\/wp\/v2\/product"}],"about":[{"href":"http:\/\/www.madnaughty.cz\/index.php?rest_route=\/wp\/v2\/types\/product"}],"replies":[{"embeddable":true,"href":"http:\/\/www.madnaughty.cz\/index.php?rest_route=%2Fwp%2Fv2%2Fcomments&post=727"}],"wp:featuredmedia":[{"embeddable":true,"href":"http:\/\/www.madnaughty.cz\/index.php?rest_route=\/wp\/v2\/media\/716"}],"wp:attachment":[{"href":"http:\/\/www.madnaughty.cz\/index.php?rest_route=%2Fwp%2Fv2%2Fmedia&parent=727"}],"wp:term":[{"taxonomy":"product_cat","embeddable":true,"href":"http:\/\/www.madnaughty.cz\/index.php?rest_route=%2Fwp%2Fv2%2Fproduct_cat&post=727"},{"taxonomy":"product_tag","embeddable":true,"href":"http:\/\/www.madnaughty.cz\/index.php?rest_route=%2Fwp%2Fv2%2Fproduct_tag&post=727"}],"curies":[{"name":"wp","href":"https:\/\/api.w.org\/{rel}","templated":true}]}}