{"id":728,"date":"2024-08-09T11:37:23","date_gmt":"2024-08-09T09:37:23","guid":{"rendered":"https:\/\/www.madnaughty.cz\/?post_type=product&#038;p=728"},"modified":"2024-08-14T08:57:42","modified_gmt":"2024-08-14T06:57:42","slug":"sklenicka-expensive","status":"publish","type":"product","link":"http:\/\/www.madnaughty.cz\/?product=sklenicka-expensive","title":{"rendered":"Skleni\u010dka \u2013 Expensive"},"content":{"rendered":"<p>Pro ty, kte\u0159\u00ed v\u011bd\u00ed, co cht\u011bj\u00ed, a neboj\u00ed se to d\u00e1t najevo! Skleni\u010dka ve tvaru plechovky s n\u00e1pisem &#8222;<strong>Expensive, Difficult, and Talks Back<\/strong>&#8220; je perfektn\u00ed volbou pro ka\u017ed\u00e9ho, kdo je hrd\u00fd na svou jedine\u010dnost a nez\u00e1vislost. S objemem 473 ml je ide\u00e1ln\u00ed pro studen\u00e9 n\u00e1poje, a\u0165 u\u017e je to osv\u011b\u017euj\u00edc\u00ed limon\u00e1da, ledov\u00e1 k\u00e1va nebo n\u011bco speci\u00e1ln\u00edho. Tento origin\u00e1ln\u00ed kousek v\u00e1s nejen rozesm\u011bje, ale tak\u00e9 stylov\u011b dopln\u00ed v\u00e1\u0161 den.<\/p>\n<p>Skleni\u010dka na studen\u00e9 n\u00e1poje BEER CAN s ru\u010dn\u011b lepen\u00fdm motivem.<br \/>\nObjem \u2013 473 ml<\/p>\n<p><strong>Skleni\u010dka nen\u00ed vhodn\u00e1 na hork\u00e9 n\u00e1poje ani do my\u010dky \u010di mikrovlnky.<br \/>\nMyt\u00ed pouze v ruce, neodmo\u010dujte.\u00a0<\/strong><\/p>\n","protected":false},"excerpt":{"rendered":"<p>Skleni\u010dka na studen\u00e9 n\u00e1poje BEER CAN s ru\u010dn\u011b lepen\u00fdm motivem.<\/p>\n","protected":false},"featured_media":717,"comment_status":"open","ping_status":"closed","template":"","meta":[],"product_cat":[73],"product_tag":[102,109],"class_list":{"0":"post-728","1":"product","2":"type-product","3":"status-publish","4":"has-post-thumbnail","6":"product_cat-sklenicky","7":"product_tag-halloween","8":"product_tag-sarkasticke","10":"first","11":"instock","12":"shipping-taxable","13":"purchasable","14":"product-type-simple"},"_links":{"self":[{"href":"http:\/\/www.madnaughty.cz\/index.php?rest_route=\/wp\/v2\/product\/728"}],"collection":[{"href":"http:\/\/www.madnaughty.cz\/index.php?rest_route=\/wp\/v2\/product"}],"about":[{"href":"http:\/\/www.madnaughty.cz\/index.php?rest_route=\/wp\/v2\/types\/product"}],"replies":[{"embeddable":true,"href":"http:\/\/www.madnaughty.cz\/index.php?rest_route=%2Fwp%2Fv2%2Fcomments&post=728"}],"wp:featuredmedia":[{"embeddable":true,"href":"http:\/\/www.madnaughty.cz\/index.php?rest_route=\/wp\/v2\/media\/717"}],"wp:attachment":[{"href":"http:\/\/www.madnaughty.cz\/index.php?rest_route=%2Fwp%2Fv2%2Fmedia&parent=728"}],"wp:term":[{"taxonomy":"product_cat","embeddable":true,"href":"http:\/\/www.madnaughty.cz\/index.php?rest_route=%2Fwp%2Fv2%2Fproduct_cat&post=728"},{"taxonomy":"product_tag","embeddable":true,"href":"http:\/\/www.madnaughty.cz\/index.php?rest_route=%2Fwp%2Fv2%2Fproduct_tag&post=728"}],"curies":[{"name":"wp","href":"https:\/\/api.w.org\/{rel}","templated":true}]}}