{"id":731,"date":"2024-08-09T11:39:39","date_gmt":"2024-08-09T09:39:39","guid":{"rendered":"https:\/\/www.madnaughty.cz\/?post_type=product&#038;p=731"},"modified":"2024-08-14T08:58:58","modified_gmt":"2024-08-14T06:58:58","slug":"sklenicka-living-the-dream","status":"publish","type":"product","link":"http:\/\/www.madnaughty.cz\/?product=sklenicka-living-the-dream","title":{"rendered":"Skleni\u010dka \u2013 Living the dream"},"content":{"rendered":"<p>Pro v\u0161echny, kte\u0159\u00ed si pln\u00ed sv\u00e9 sny! Tato skleni\u010dka ve tvaru plechovky s n\u00e1pisem &#8222;Living the Dream&#8220; je dokonal\u00fdm spole\u010dn\u00edkem pro va\u0161e obl\u00edben\u00e9 studen\u00e9 n\u00e1poje. S objemem 473 ml nab\u00edz\u00ed dostatek prostoru pro osv\u011b\u017euj\u00edc\u00ed limon\u00e1du, ledov\u00fd \u010daj nebo cokoli, co v\u00e1s udr\u017e\u00ed ve spr\u00e1vn\u00e9m rytmu. Perfektn\u00ed pro ty, kte\u0159\u00ed \u017eij\u00ed \u017eivot naplno a u\u017e\u00edvaj\u00ed si ka\u017ed\u00fd okam\u017eik.<\/p>\n<p>Skleni\u010dka na studen\u00e9 n\u00e1poje BEER CAN s ru\u010dn\u011b lepen\u00fdm motivem.<br \/>\nObjem \u2013 473 ml<\/p>\n<p><strong>Skleni\u010dka nen\u00ed vhodn\u00e1 na hork\u00e9 n\u00e1poje ani do my\u010dky \u010di mikrovlnky.<br \/>\nMyt\u00ed pouze v ruce, neodmo\u010dujte.\u00a0<\/strong><\/p>\n","protected":false},"excerpt":{"rendered":"<p>Skleni\u010dka na studen\u00e9 n\u00e1poje BEER CAN s ru\u010dn\u011b lepen\u00fdm motivem.<\/p>\n","protected":false},"featured_media":720,"comment_status":"open","ping_status":"closed","template":"","meta":[],"product_cat":[73],"product_tag":[102,117,109],"class_list":{"0":"post-731","1":"product","2":"type-product","3":"status-publish","4":"has-post-thumbnail","6":"product_cat-sklenicky","7":"product_tag-halloween","8":"product_tag-mental-healt","9":"product_tag-sarkasticke","11":"first","12":"instock","13":"shipping-taxable","14":"purchasable","15":"product-type-simple"},"_links":{"self":[{"href":"http:\/\/www.madnaughty.cz\/index.php?rest_route=\/wp\/v2\/product\/731"}],"collection":[{"href":"http:\/\/www.madnaughty.cz\/index.php?rest_route=\/wp\/v2\/product"}],"about":[{"href":"http:\/\/www.madnaughty.cz\/index.php?rest_route=\/wp\/v2\/types\/product"}],"replies":[{"embeddable":true,"href":"http:\/\/www.madnaughty.cz\/index.php?rest_route=%2Fwp%2Fv2%2Fcomments&post=731"}],"wp:featuredmedia":[{"embeddable":true,"href":"http:\/\/www.madnaughty.cz\/index.php?rest_route=\/wp\/v2\/media\/720"}],"wp:attachment":[{"href":"http:\/\/www.madnaughty.cz\/index.php?rest_route=%2Fwp%2Fv2%2Fmedia&parent=731"}],"wp:term":[{"taxonomy":"product_cat","embeddable":true,"href":"http:\/\/www.madnaughty.cz\/index.php?rest_route=%2Fwp%2Fv2%2Fproduct_cat&post=731"},{"taxonomy":"product_tag","embeddable":true,"href":"http:\/\/www.madnaughty.cz\/index.php?rest_route=%2Fwp%2Fv2%2Fproduct_tag&post=731"}],"curies":[{"name":"wp","href":"https:\/\/api.w.org\/{rel}","templated":true}]}}