{"id":735,"date":"2024-08-09T11:44:57","date_gmt":"2024-08-09T09:44:57","guid":{"rendered":"https:\/\/www.madnaughty.cz\/?post_type=product&#038;p=735"},"modified":"2024-08-14T08:30:52","modified_gmt":"2024-08-14T06:30:52","slug":"sklenice-s-bambusovym-vickem-a-brckem-sucks-to-suck","status":"publish","type":"product","link":"http:\/\/www.madnaughty.cz\/?product=sklenice-s-bambusovym-vickem-a-brckem-sucks-to-suck","title":{"rendered":"Sklenice s bambusov\u00fdm v\u00ed\u010dkem a br\u010dkem &#8211; Sucks to suck"},"content":{"rendered":"<p>P\u0159idejte trochu \u010dern\u00e9ho humoru do sv\u00e9ho n\u00e1poje se skleni\u010dkou \u201eSucks to Suck\u201c! Tato stylov\u00e1 skleni\u010dka s motivem roztomil\u00e9 smrtky, kter\u00e1 l\u00ed\u017ee l\u00edz\u00e1tko, je ide\u00e1ln\u00ed na studen\u00e9 n\u00e1poje. D\u00edky bambusov\u00e9mu v\u00ed\u010dku a br\u010dku se snadno pou\u017e\u00edv\u00e1 a jej\u00ed obsah 540 ml je perfektn\u00ed pro v\u00e1\u0161 obl\u00edben\u00fd n\u00e1poj.<\/p>\n<p>Objem \u2013 540 ml<br \/>\nBalen\u00ed obsahuje bambusov\u00e9 v\u00ed\u010dko a sklen\u011bn\u00e9 br\u010dko.<\/p>\n<p><strong>Skleni\u010dka nen\u00ed vhodn\u00e1 na hork\u00e9 n\u00e1poje ani do my\u010dky \u010di mikrovlnky.<br \/>\nMyt\u00ed pouze v ruce, neodmo\u010dujte.\u00a0<\/strong><\/p>\n","protected":false},"excerpt":{"rendered":"<p>Skleni\u010dka XL s bambusov\u00fdm v\u00ed\u010dkem a sklen\u011bn\u00fdm br\u010dkem<\/p>\n","protected":false},"featured_media":736,"comment_status":"open","ping_status":"closed","template":"","meta":[],"product_cat":[73],"product_tag":[102,109,112,103],"class_list":{"0":"post-735","1":"product","2":"type-product","3":"status-publish","4":"has-post-thumbnail","6":"product_cat-sklenicky","7":"product_tag-halloween","8":"product_tag-sarkasticke","9":"product_tag-valentyn","10":"product_tag-z-lasky","12":"first","13":"instock","14":"shipping-taxable","15":"purchasable","16":"product-type-simple"},"_links":{"self":[{"href":"http:\/\/www.madnaughty.cz\/index.php?rest_route=\/wp\/v2\/product\/735"}],"collection":[{"href":"http:\/\/www.madnaughty.cz\/index.php?rest_route=\/wp\/v2\/product"}],"about":[{"href":"http:\/\/www.madnaughty.cz\/index.php?rest_route=\/wp\/v2\/types\/product"}],"replies":[{"embeddable":true,"href":"http:\/\/www.madnaughty.cz\/index.php?rest_route=%2Fwp%2Fv2%2Fcomments&post=735"}],"wp:featuredmedia":[{"embeddable":true,"href":"http:\/\/www.madnaughty.cz\/index.php?rest_route=\/wp\/v2\/media\/736"}],"wp:attachment":[{"href":"http:\/\/www.madnaughty.cz\/index.php?rest_route=%2Fwp%2Fv2%2Fmedia&parent=735"}],"wp:term":[{"taxonomy":"product_cat","embeddable":true,"href":"http:\/\/www.madnaughty.cz\/index.php?rest_route=%2Fwp%2Fv2%2Fproduct_cat&post=735"},{"taxonomy":"product_tag","embeddable":true,"href":"http:\/\/www.madnaughty.cz\/index.php?rest_route=%2Fwp%2Fv2%2Fproduct_tag&post=735"}],"curies":[{"name":"wp","href":"https:\/\/api.w.org\/{rel}","templated":true}]}}