{"id":744,"date":"2024-08-09T11:47:41","date_gmt":"2024-08-09T09:47:41","guid":{"rendered":"https:\/\/www.madnaughty.cz\/?post_type=product&#038;p=744"},"modified":"2024-08-14T08:33:51","modified_gmt":"2024-08-14T06:33:51","slug":"sklenice-s-bambusovym-vickem-a-brckem-toaster-bath","status":"publish","type":"product","link":"http:\/\/www.madnaughty.cz\/?product=sklenice-s-bambusovym-vickem-a-brckem-toaster-bath","title":{"rendered":"Sklenice s bambusov\u00fdm v\u00ed\u010dkem a br\u010dkem &#8211; Toaster Bath"},"content":{"rendered":"<p>Tahle skleni\u010dka s lehce provokativn\u00edm designem smrtky, kter\u00e1 si dop\u0159\u00e1v\u00e1 \u201ekoupel\u201c, je ide\u00e1ln\u00ed pro ty, kte\u0159\u00ed se neboj\u00ed p\u0159idat trochu \u010dern\u00e9ho humoru do sv\u00e9ho dne. Skleni\u010dka \u201eSplash Splash, Toaster Bath\u201c o objemu 540 ml s bambusov\u00fdm v\u00ed\u010dkem a br\u010dkem je skv\u011bl\u00e1 na v\u0161echny va\u0161e studen\u00e9 n\u00e1poje.<\/p>\n<p>Skleni\u010dka na studen\u00e9 n\u00e1poje BEER CAN s ru\u010dn\u011b lepen\u00fdm motivem.<br \/>\nObjem \u2013 540 ml<br \/>\nBalen\u00ed obsahuje bambusov\u00e9 v\u00ed\u010dko a sklen\u011bn\u00e9 br\u010dko.<\/p>\n<p><strong>Skleni\u010dka nen\u00ed vhodn\u00e1 na hork\u00e9 n\u00e1poje ani do my\u010dky \u010di mikrovlnky.<br \/>\nMyt\u00ed pouze v ruce, neodmo\u010dujte.\u00a0<\/strong><\/p>\n","protected":false},"excerpt":{"rendered":"<p>Skleni\u010dka XL s bambusov\u00fdm v\u00ed\u010dkem a sklen\u011bn\u00fdm br\u010dkem<\/p>\n","protected":false},"featured_media":740,"comment_status":"open","ping_status":"closed","template":"","meta":[],"product_cat":[73],"product_tag":[102,109,112,103],"class_list":{"0":"post-744","1":"product","2":"type-product","3":"status-publish","4":"has-post-thumbnail","6":"product_cat-sklenicky","7":"product_tag-halloween","8":"product_tag-sarkasticke","9":"product_tag-valentyn","10":"product_tag-z-lasky","12":"first","13":"instock","14":"shipping-taxable","15":"purchasable","16":"product-type-simple"},"_links":{"self":[{"href":"http:\/\/www.madnaughty.cz\/index.php?rest_route=\/wp\/v2\/product\/744"}],"collection":[{"href":"http:\/\/www.madnaughty.cz\/index.php?rest_route=\/wp\/v2\/product"}],"about":[{"href":"http:\/\/www.madnaughty.cz\/index.php?rest_route=\/wp\/v2\/types\/product"}],"replies":[{"embeddable":true,"href":"http:\/\/www.madnaughty.cz\/index.php?rest_route=%2Fwp%2Fv2%2Fcomments&post=744"}],"wp:featuredmedia":[{"embeddable":true,"href":"http:\/\/www.madnaughty.cz\/index.php?rest_route=\/wp\/v2\/media\/740"}],"wp:attachment":[{"href":"http:\/\/www.madnaughty.cz\/index.php?rest_route=%2Fwp%2Fv2%2Fmedia&parent=744"}],"wp:term":[{"taxonomy":"product_cat","embeddable":true,"href":"http:\/\/www.madnaughty.cz\/index.php?rest_route=%2Fwp%2Fv2%2Fproduct_cat&post=744"},{"taxonomy":"product_tag","embeddable":true,"href":"http:\/\/www.madnaughty.cz\/index.php?rest_route=%2Fwp%2Fv2%2Fproduct_tag&post=744"}],"curies":[{"name":"wp","href":"https:\/\/api.w.org\/{rel}","templated":true}]}}