{"id":746,"date":"2024-08-10T15:17:28","date_gmt":"2024-08-10T13:17:28","guid":{"rendered":"https:\/\/www.madnaughty.cz\/?post_type=product&#038;p=746"},"modified":"2024-11-24T21:55:08","modified_gmt":"2024-11-24T20:55:08","slug":"zalozka-do-not-watch-porn","status":"publish","type":"product","link":"http:\/\/www.madnaughty.cz\/?product=zalozka-do-not-watch-porn","title":{"rendered":"Z\u00e1lo\u017eka &#8211; DO NOT WATCH PORN"},"content":{"rendered":"<p>Tahle z\u00e1lo\u017eka je pro v\u0161echny knihomoly, kte\u0159\u00ed maj\u00ed smysl pro humor a neboj\u00ed se trochu provokace. S odv\u00e1\u017en\u00fdm n\u00e1pisem \u201eNekoukej na porno, ale \u010dti ho!\u201c v\u00e1s nejen rozesm\u011bje, ale tak\u00e9 v\u00e1m pom\u016f\u017ee naj\u00edt cestu zp\u011bt k t\u011bm nejlep\u0161\u00edm pas\u00e1\u017e\u00edm va\u0161\u00ed obl\u00edben\u00e9 knihy. Je ide\u00e1ln\u00ed jako d\u00e1rek pro p\u0159\u00e1tele s nadhledem, nebo jako mal\u00fd dopln\u011bk, kter\u00fd dod\u00e1 va\u0161emu \u010dten\u00ed trochu pikantnosti.<\/p>\n<ul>\n<li>Vyrobena z odoln\u00e9ho materi\u00e1lu<\/li>\n<li>Perfektn\u00ed velikost do ka\u017ed\u00e9 knihy<\/li>\n<li>Skv\u011bl\u00fd d\u00e1rek pro knihomoly s humorem<\/li>\n<\/ul>\n<p>Z\u00e1lo\u017eky do knihy\u00a0<strong>s motivem <\/strong>o velikosti\u00a0<strong>12 x 3,2 cm <\/strong>vyroben\u00e9 z akrylu s vinylov\u00fdm polepem.<\/p>\n","protected":false},"excerpt":{"rendered":"<p>Tahle z\u00e1lo\u017eka je pro v\u0161echny knihomoly, kte\u0159\u00ed maj\u00ed smysl pro humor a neboj\u00ed se trochu provokace. S odv\u00e1\u017en\u00fdm n\u00e1pisem \u201eNekoukej na porno, ale \u010dti ho!\u201c v\u00e1s<span class=\"excerpt-hellip\"> [\u2026]<\/span><\/p>\n","protected":false},"featured_media":757,"comment_status":"open","ping_status":"closed","template":"","meta":[],"product_cat":[81],"product_tag":[108,116,113,103],"class_list":{"0":"post-746","1":"product","2":"type-product","3":"status-publish","4":"has-post-thumbnail","6":"product_cat-zalozky","7":"product_tag-hanbate","8":"product_tag-knihomolove","9":"product_tag-vtipne","10":"product_tag-z-lasky","12":"first","13":"instock","14":"shipping-taxable","15":"purchasable","16":"product-type-simple"},"_links":{"self":[{"href":"http:\/\/www.madnaughty.cz\/index.php?rest_route=\/wp\/v2\/product\/746"}],"collection":[{"href":"http:\/\/www.madnaughty.cz\/index.php?rest_route=\/wp\/v2\/product"}],"about":[{"href":"http:\/\/www.madnaughty.cz\/index.php?rest_route=\/wp\/v2\/types\/product"}],"replies":[{"embeddable":true,"href":"http:\/\/www.madnaughty.cz\/index.php?rest_route=%2Fwp%2Fv2%2Fcomments&post=746"}],"wp:featuredmedia":[{"embeddable":true,"href":"http:\/\/www.madnaughty.cz\/index.php?rest_route=\/wp\/v2\/media\/757"}],"wp:attachment":[{"href":"http:\/\/www.madnaughty.cz\/index.php?rest_route=%2Fwp%2Fv2%2Fmedia&parent=746"}],"wp:term":[{"taxonomy":"product_cat","embeddable":true,"href":"http:\/\/www.madnaughty.cz\/index.php?rest_route=%2Fwp%2Fv2%2Fproduct_cat&post=746"},{"taxonomy":"product_tag","embeddable":true,"href":"http:\/\/www.madnaughty.cz\/index.php?rest_route=%2Fwp%2Fv2%2Fproduct_tag&post=746"}],"curies":[{"name":"wp","href":"https:\/\/api.w.org\/{rel}","templated":true}]}}