{"id":763,"date":"2024-08-10T15:20:46","date_gmt":"2024-08-10T13:20:46","guid":{"rendered":"https:\/\/www.madnaughty.cz\/?post_type=product&#038;p=763"},"modified":"2024-10-14T08:14:32","modified_gmt":"2024-10-14T06:14:32","slug":"zalozka-just-one-more-page-zelena","status":"publish","type":"product","link":"http:\/\/www.madnaughty.cz\/?product=zalozka-just-one-more-page-zelena","title":{"rendered":"Z\u00e1lo\u017eka &#8211; Just one more page &#8211; zelen\u00e1"},"content":{"rendered":"<p>Pro v\u0161echny v\u00e1\u0161niv\u00e9 \u010dten\u00e1\u0159e, kte\u0159\u00ed se nemohou odtrhnout od knih, p\u0159ich\u00e1z\u00ed tato stylov\u00e1 akrylov\u00e1 z\u00e1lo\u017eka s n\u00e1pisem \u201eJust One More Page\u201c. Tato z\u00e1lo\u017eka je ide\u00e1ln\u00edm spole\u010dn\u00edkem pro ka\u017ed\u00e9ho, kdo se nechce p\u0159estat no\u0159it do fascinuj\u00edc\u00edch p\u0159\u00edb\u011bh\u016f, a je skv\u011bl\u00fdm zp\u016fsobem, jak udr\u017eet str\u00e1nkov\u00fd rytmus.<\/p>\n<p><strong>Specifikace:<\/strong><\/p>\n<ul>\n<li><strong>Velikost:<\/strong> 12 x 3,2 cm \u2013 perfektn\u00ed rozm\u011br pro v\u0161echny velikosti knih a pohodln\u00e9 pou\u017e\u00edv\u00e1n\u00ed.<\/li>\n<li><strong>Materi\u00e1l:<\/strong> Vysoce kvalitn\u00ed akryl pro odolnost a eleganci.<\/li>\n<li><strong>Potisk:<\/strong> Vinylov\u00fd polep s motivem \u201eJust One More Page\u201c, kter\u00fd je odoln\u00fd proti ot\u011bru a vyblednut\u00ed.<\/li>\n<\/ul>\n<p><strong>Design:<\/strong> Modern\u00ed a praktick\u00e1 z\u00e1lo\u017eka, kter\u00e1 zaujme jednoduch\u00fdm a v\u00fdsti\u017en\u00fdm n\u00e1pisem \u201eJust One More Page\u201c. Tento motiv je ide\u00e1ln\u00ed pro v\u0161echny, kdo si r\u00e1di u\u017e\u00edvaj\u00ed sv\u00e9 \u010dten\u00ed a\u017e do posledn\u00ed str\u00e1nky.<\/p>\n<p><strong>P\u00e9\u010de:<\/strong> Snadn\u00e9 \u010di\u0161t\u011bn\u00ed \u2013 sta\u010d\u00ed ot\u0159\u00edt vlhk\u00fdm had\u0159\u00edkem. Doporu\u010dujeme vyhnout se pou\u017eit\u00ed agresivn\u00edch \u010distic\u00edch prost\u0159edk\u016f, aby se zachoval vzhled polepu.<\/p>\n<p>Tato z\u00e1lo\u017eka je skv\u011bl\u00fdm d\u00e1rkem pro v\u0161echny, kdo miluj\u00ed \u010dten\u00ed a nikdy nemaj\u00ed dost. P\u0159idejte do sv\u00e9ho \u010dten\u00e1\u0159sk\u00e9ho vybaven\u00ed \u0161petku osobitosti s touto elegantn\u00ed a funk\u010dn\u00ed z\u00e1lo\u017ekou!<\/p>\n","protected":false},"excerpt":{"rendered":"<p>Pro v\u0161echny v\u00e1\u0161niv\u00e9 \u010dten\u00e1\u0159e, kte\u0159\u00ed se nemohou odtrhnout od knih, p\u0159ich\u00e1z\u00ed tato stylov\u00e1 akrylov\u00e1 z\u00e1lo\u017eka s n\u00e1pisem \u201eJust One More Page\u201c. Tato z\u00e1lo\u017eka je ide\u00e1ln\u00edm spole\u010dn\u00edkem<span class=\"excerpt-hellip\"> [\u2026]<\/span><\/p>\n","protected":false},"featured_media":758,"comment_status":"open","ping_status":"closed","template":"","meta":[],"product_cat":[81],"product_tag":[116,103],"class_list":{"0":"post-763","1":"product","2":"type-product","3":"status-publish","4":"has-post-thumbnail","6":"product_cat-zalozky","7":"product_tag-knihomolove","8":"product_tag-z-lasky","10":"first","11":"instock","12":"shipping-taxable","13":"purchasable","14":"product-type-simple"},"_links":{"self":[{"href":"http:\/\/www.madnaughty.cz\/index.php?rest_route=\/wp\/v2\/product\/763"}],"collection":[{"href":"http:\/\/www.madnaughty.cz\/index.php?rest_route=\/wp\/v2\/product"}],"about":[{"href":"http:\/\/www.madnaughty.cz\/index.php?rest_route=\/wp\/v2\/types\/product"}],"replies":[{"embeddable":true,"href":"http:\/\/www.madnaughty.cz\/index.php?rest_route=%2Fwp%2Fv2%2Fcomments&post=763"}],"wp:featuredmedia":[{"embeddable":true,"href":"http:\/\/www.madnaughty.cz\/index.php?rest_route=\/wp\/v2\/media\/758"}],"wp:attachment":[{"href":"http:\/\/www.madnaughty.cz\/index.php?rest_route=%2Fwp%2Fv2%2Fmedia&parent=763"}],"wp:term":[{"taxonomy":"product_cat","embeddable":true,"href":"http:\/\/www.madnaughty.cz\/index.php?rest_route=%2Fwp%2Fv2%2Fproduct_cat&post=763"},{"taxonomy":"product_tag","embeddable":true,"href":"http:\/\/www.madnaughty.cz\/index.php?rest_route=%2Fwp%2Fv2%2Fproduct_tag&post=763"}],"curies":[{"name":"wp","href":"https:\/\/api.w.org\/{rel}","templated":true}]}}