{"id":781,"date":"2024-08-11T21:32:45","date_gmt":"2024-08-11T19:32:45","guid":{"rendered":"https:\/\/www.madnaughty.cz\/?post_type=product&#038;p=781"},"modified":"2024-08-13T20:27:25","modified_gmt":"2024-08-13T18:27:25","slug":"lapac-slunce-ghost","status":"publish","type":"product","link":"http:\/\/www.madnaughty.cz\/?product=lapac-slunce-ghost","title":{"rendered":"Lapa\u010d slunce \u2013 Ghost"},"content":{"rendered":"<p>P\u0159idejte do sv\u00e9ho prostoru n\u00e1dech kouzla a radosti s t\u00edmto okouzluj\u00edc\u00edm lapa\u010dem slunce! S roztomil\u00fdm duchem a hv\u011bzdi\u010dkami p\u0159in\u00e1\u0161\u00ed tento lapa\u010d slunce hrav\u00fd a vesel\u00fd design, kter\u00fd rozjasn\u00ed ka\u017ed\u00fd kout va\u0161eho domova.<\/p>\n<p>Lapa\u010d slunce, nebo \u201esun catcher,\u201c vyu\u017e\u00edv\u00e1 slune\u010dn\u00ed paprsky k vytv\u00e1\u0159en\u00ed n\u00e1dhern\u00fdch duhov\u00fdch odlesk\u016f, kter\u00e9 p\u0159in\u00e1\u0161ej\u00ed do va\u0161eho interi\u00e9ru p\u0159\u00edjemnou atmosf\u00e9ru a pozitivn\u00ed energii.<\/p>\n<ul>\n<li><strong>Design<\/strong>: Roztomil\u00fd duch s hv\u011bzdi\u010dkami pro hrav\u00fd a kouzeln\u00fd vzhled<\/li>\n<li><strong>Velikost<\/strong>: Cca 13,5 x 13,5 cm &#8211; jedn\u00e1 se o ru\u010dn\u00ed v\u00fdrobu, tak se lapa\u010de mohou ve velikosti li\u0161it cca +- 1cm<\/li>\n<li><strong>Materi\u00e1l<\/strong>: Kvalitn\u00ed a odoln\u00fd materi\u00e1l zaji\u0161\u0165uj\u00edc\u00ed dlouhou \u017eivotnost<\/li>\n<li><strong>Funkce<\/strong>: Vytv\u00e1\u0159\u00ed kr\u00e1sn\u00e9 duhov\u00e9 odlesky a p\u0159in\u00e1\u0161\u00ed radostn\u00e9 kouzlo do va\u0161eho domova<\/li>\n<\/ul>\n<p>Perfektn\u00ed pro d\u011bti, milovn\u00edky fantazie nebo jako vtipn\u00fd a roztomil\u00fd d\u00e1rek pro ka\u017edou p\u0159\u00edle\u017eitost!<\/p>\n<p>Jak aplikovat:<br \/>\nOkno umyjte a osu\u0161te. Odlepte lapa\u010d od spodn\u00ed f\u00f3lie a um\u00edst\u011bte ho na okno, kam nej\u010dast\u011bji sv\u00edt\u00ed slunce. \u010c\u00edm v\u00edce slune\u010dn\u00edho sv\u011btla, t\u00edm intenzivn\u011bj\u0161\u00ed bude \u00fa\u010dinek. Lehce p\u0159itla\u010dte k oknu a ujist\u011bte se, \u017ee dr\u017e\u00ed. Pokud by se odlepoval, lehce navlh\u010dete sklo, na kter\u00fd jej lep\u00edte. Lapa\u010d jde pohodln\u011b p\u0159elepit z okna na okno &#8211; tak pokud se s jeho um\u00edst\u011bn\u00edm netref\u00edte na prvn\u00ed dobrou, d\u00e1 se to je\u0161t\u011b napravit. Lapa\u010d na oknech nezanech\u00e1v\u00e1 zbytky lepidla.<\/p>\n<p>&nbsp;<\/p>\n","protected":false},"excerpt":{"rendered":"<div class=\"woocommerce-product-details__short-description\">\n<p>Vytvo\u0159te si ve sv\u00e9m domov\u011b kr\u00e1snou duhu. Lapa\u010d slunce pro to bude ide\u00e1ln\u00ed volba.<\/p>\n<\/div>\n","protected":false},"featured_media":792,"comment_status":"open","ping_status":"closed","template":"","meta":[],"product_cat":[74],"product_tag":[102],"class_list":{"0":"post-781","1":"product","2":"type-product","3":"status-publish","4":"has-post-thumbnail","6":"product_cat-suncatchers","7":"product_tag-halloween","9":"first","10":"instock","11":"shipping-taxable","12":"purchasable","13":"product-type-simple"},"_links":{"self":[{"href":"http:\/\/www.madnaughty.cz\/index.php?rest_route=\/wp\/v2\/product\/781"}],"collection":[{"href":"http:\/\/www.madnaughty.cz\/index.php?rest_route=\/wp\/v2\/product"}],"about":[{"href":"http:\/\/www.madnaughty.cz\/index.php?rest_route=\/wp\/v2\/types\/product"}],"replies":[{"embeddable":true,"href":"http:\/\/www.madnaughty.cz\/index.php?rest_route=%2Fwp%2Fv2%2Fcomments&post=781"}],"wp:featuredmedia":[{"embeddable":true,"href":"http:\/\/www.madnaughty.cz\/index.php?rest_route=\/wp\/v2\/media\/792"}],"wp:attachment":[{"href":"http:\/\/www.madnaughty.cz\/index.php?rest_route=%2Fwp%2Fv2%2Fmedia&parent=781"}],"wp:term":[{"taxonomy":"product_cat","embeddable":true,"href":"http:\/\/www.madnaughty.cz\/index.php?rest_route=%2Fwp%2Fv2%2Fproduct_cat&post=781"},{"taxonomy":"product_tag","embeddable":true,"href":"http:\/\/www.madnaughty.cz\/index.php?rest_route=%2Fwp%2Fv2%2Fproduct_tag&post=781"}],"curies":[{"name":"wp","href":"https:\/\/api.w.org\/{rel}","templated":true}]}}