{"id":860,"date":"2024-08-18T10:46:41","date_gmt":"2024-08-18T08:46:41","guid":{"rendered":"https:\/\/www.madnaughty.cz\/?post_type=product&#038;p=860"},"modified":"2024-08-18T10:50:23","modified_gmt":"2024-08-18T08:50:23","slug":"tricko-spooky-bitch-era-unisex-bile","status":"publish","type":"product","link":"http:\/\/www.madnaughty.cz\/?product=tricko-spooky-bitch-era-unisex-bile","title":{"rendered":"Tri\u010dko \u2013 Spooky Bitch Era \u2013 Unisex B\u00edl\u00e9"},"content":{"rendered":"<div class=\"woocommerce-product-details__short-description\">\n<p>Vstupte do sv\u00e9 stra\u0161ideln\u00e9 \u00e9ry s t\u00edmto stylov\u00fdm b\u00edl\u00fdm tri\u010dkem, kter\u00e9 dokonale kombinuje halloweenskou atmosf\u00e9ru s odv\u00e1\u017en\u00fdm designem. N\u00e1pis \u201eIn my spooky bitch era\u201c zaru\u010den\u011b upout\u00e1 pozornost a dod\u00e1 va\u0161emu halloweensk\u00e9mu outfitu ten spr\u00e1vn\u00fd \u0161mrnc.<\/p>\n<p><strong>Specifikace:<\/strong><\/p>\n<ul>\n<li><strong>Barva:<\/strong> B\u00edl\u00e1<\/li>\n<li><strong>Materi\u00e1l:<\/strong> 100% bavlna<\/li>\n<li><strong>Velikosti:<\/strong> S-3XL<\/li>\n<\/ul>\n<p><strong>Vlastnosti:<\/strong><\/p>\n<ul>\n<li>Kvalitn\u00ed a pohodln\u00fd materi\u00e1l, kter\u00fd je p\u0159\u00edjemn\u00fd na no\u0161en\u00ed.<\/li>\n<li>Unisex st\u0159ih, kter\u00fd sed\u00ed skv\u011ble na ka\u017ed\u00e9 postav\u011b.<\/li>\n<li>Perfektn\u00ed na Halloween, ale i na ka\u017edodenn\u00ed no\u0161en\u00ed pro ty, kdo miluj\u00ed temn\u011bj\u0161\u00ed styl.<\/li>\n<\/ul>\n<p><strong>Mo\u017enosti personalizace:<\/strong> Design je mo\u017en\u00e9 p\u0159izp\u016fsobit podle p\u0159\u00e1n\u00ed z\u00e1kazn\u00edka. Vyberte si vlastn\u00ed barevnou variantu nebo p\u0159idejte dal\u0161\u00ed prvky podle sv\u00fdch p\u0159edstav.<\/p>\n<p><strong>Pozn\u00e1mka:<\/strong> Toto tri\u010dko je ide\u00e1ln\u00edm dopl\u0148kem pro ka\u017ed\u00e9ho, kdo se c\u00edt\u00ed b\u00fdt \u201espooky bitch\u201c a neboj\u00ed se to uk\u00e1zat.<\/p>\n<\/div>\n","protected":false},"excerpt":{"rendered":"<p>Vstupte do sv\u00e9 stra\u0161ideln\u00e9 \u00e9ry s t\u00edmto stylov\u00fdm b\u00edl\u00fdm tri\u010dkem, kter\u00e9 dokonale kombinuje halloweenskou atmosf\u00e9ru s odv\u00e1\u017en\u00fdm designem. N\u00e1pis \u201eIn my spooky bitch era\u201c zaru\u010den\u011b upout\u00e1<span class=\"excerpt-hellip\"> [\u2026]<\/span><\/p>\n","protected":false},"featured_media":868,"comment_status":"open","ping_status":"closed","template":"","meta":[],"product_cat":[76],"product_tag":[102],"class_list":{"0":"post-860","1":"product","2":"type-product","3":"status-publish","4":"has-post-thumbnail","6":"product_cat-tricka","7":"product_tag-halloween","9":"first","10":"onbackorder","11":"shipping-taxable","12":"purchasable","13":"product-type-variable"},"_links":{"self":[{"href":"http:\/\/www.madnaughty.cz\/index.php?rest_route=\/wp\/v2\/product\/860"}],"collection":[{"href":"http:\/\/www.madnaughty.cz\/index.php?rest_route=\/wp\/v2\/product"}],"about":[{"href":"http:\/\/www.madnaughty.cz\/index.php?rest_route=\/wp\/v2\/types\/product"}],"replies":[{"embeddable":true,"href":"http:\/\/www.madnaughty.cz\/index.php?rest_route=%2Fwp%2Fv2%2Fcomments&post=860"}],"wp:featuredmedia":[{"embeddable":true,"href":"http:\/\/www.madnaughty.cz\/index.php?rest_route=\/wp\/v2\/media\/868"}],"wp:attachment":[{"href":"http:\/\/www.madnaughty.cz\/index.php?rest_route=%2Fwp%2Fv2%2Fmedia&parent=860"}],"wp:term":[{"taxonomy":"product_cat","embeddable":true,"href":"http:\/\/www.madnaughty.cz\/index.php?rest_route=%2Fwp%2Fv2%2Fproduct_cat&post=860"},{"taxonomy":"product_tag","embeddable":true,"href":"http:\/\/www.madnaughty.cz\/index.php?rest_route=%2Fwp%2Fv2%2Fproduct_tag&post=860"}],"curies":[{"name":"wp","href":"https:\/\/api.w.org\/{rel}","templated":true}]}}