{"id":878,"date":"2024-08-18T11:31:13","date_gmt":"2024-08-18T09:31:13","guid":{"rendered":"https:\/\/www.madnaughty.cz\/?post_type=product&#038;p=878"},"modified":"2025-10-26T20:17:19","modified_gmt":"2025-10-26T19:17:19","slug":"vinylove-samolepky-s-vlastnim-motivem","status":"publish","type":"product","link":"http:\/\/www.madnaughty.cz\/?product=vinylove-samolepky-s-vlastnim-motivem","title":{"rendered":"Vinylov\u00e9 samolepky s vlastn\u00edm motivem"},"content":{"rendered":"<p>Vytvo\u0159te si origin\u00e1ln\u00ed vinylovou samolepku p\u0159esn\u011b podle sv\u00fdch p\u0159edstav! A\u0165 u\u017e pot\u0159ebujete dekoraci na auto, okno, notebook nebo jin\u00fd hladk\u00fd povrch, na\u0161e samolepky s vlastn\u00edm motivem v\u00e1m umo\u017en\u00ed vyj\u00e1d\u0159it svou kreativitu.<\/p>\n<p><strong>Specifikace:<\/strong><\/p>\n<ul>\n<li><strong>Maxim\u00e1ln\u00ed velikost:<\/strong> 21 x 30 cm<\/li>\n<li><strong>Materi\u00e1l:<\/strong> Kvalitn\u00ed vinylov\u00e1 f\u00f3lie s dlouhou \u017eivotnost\u00ed<\/li>\n<\/ul>\n<p><strong>Mo\u017enosti personalizace:<\/strong><\/p>\n<ul>\n<li>Na v\u00fdb\u011br z <a href=\"https:\/\/www.madnaughty.cz\/?page_id=631\">mnoha barev<\/a> \u2013 vyberte si tu pravou, kter\u00e1 nejl\u00e9pe sed\u00ed k va\u0161emu designu.<\/li>\n<li>Barvu samolepky pros\u00edm uve\u010fte do pozn\u00e1mky p\u0159i objedn\u00e1vce.<\/li>\n<li>Obr\u00e1zek v SVG nebo PNG form\u00e1tu n\u00e1m po\u0161lete e-mailem na adresu <strong><a rel=\"noopener\">obchod@madnaughty.cz<\/a><\/strong>.<\/li>\n<\/ul>\n<p><strong>Pozn\u00e1mka:<\/strong> Samolepky vyr\u00e1b\u00edme na m\u00edru podle va\u0161ich po\u017eadavk\u016f, tak\u017ee nev\u00e1hejte b\u00fdt kreativn\u00ed a vytvo\u0159it si jedine\u010dn\u00fd dopln\u011bk, kter\u00fd v\u00e1s bude vystihovat. Samolepky jsou vhodn\u00e9 pro vnit\u0159n\u00ed i venkovn\u00ed pou\u017eit\u00ed a jsou odoln\u00e9 proti pov\u011btrnostn\u00edm vliv\u016fm.<\/p>\n","protected":false},"excerpt":{"rendered":"<p>Vytvo\u0159te si origin\u00e1ln\u00ed vinylovou samolepku p\u0159esn\u011b podle sv\u00fdch p\u0159edstav! A\u0165 u\u017e pot\u0159ebujete dekoraci na auto, okno, notebook nebo jin\u00fd hladk\u00fd povrch, na\u0161e samolepky s vlastn\u00edm motivem<span class=\"excerpt-hellip\"> [\u2026]<\/span><\/p>\n","protected":false},"featured_media":1510,"comment_status":"open","ping_status":"closed","template":"","meta":[],"product_cat":[78,83],"product_tag":[],"class_list":{"0":"post-878","1":"product","2":"type-product","3":"status-publish","4":"has-post-thumbnail","6":"product_cat-samolepky-venkovni","7":"product_cat-vlastni","9":"first","10":"instock","11":"shipping-taxable","12":"purchasable","13":"product-type-variable"},"_links":{"self":[{"href":"http:\/\/www.madnaughty.cz\/index.php?rest_route=\/wp\/v2\/product\/878"}],"collection":[{"href":"http:\/\/www.madnaughty.cz\/index.php?rest_route=\/wp\/v2\/product"}],"about":[{"href":"http:\/\/www.madnaughty.cz\/index.php?rest_route=\/wp\/v2\/types\/product"}],"replies":[{"embeddable":true,"href":"http:\/\/www.madnaughty.cz\/index.php?rest_route=%2Fwp%2Fv2%2Fcomments&post=878"}],"wp:featuredmedia":[{"embeddable":true,"href":"http:\/\/www.madnaughty.cz\/index.php?rest_route=\/wp\/v2\/media\/1510"}],"wp:attachment":[{"href":"http:\/\/www.madnaughty.cz\/index.php?rest_route=%2Fwp%2Fv2%2Fmedia&parent=878"}],"wp:term":[{"taxonomy":"product_cat","embeddable":true,"href":"http:\/\/www.madnaughty.cz\/index.php?rest_route=%2Fwp%2Fv2%2Fproduct_cat&post=878"},{"taxonomy":"product_tag","embeddable":true,"href":"http:\/\/www.madnaughty.cz\/index.php?rest_route=%2Fwp%2Fv2%2Fproduct_tag&post=878"}],"curies":[{"name":"wp","href":"https:\/\/api.w.org\/{rel}","templated":true}]}}