{"id":1603,"date":"2024-08-23T16:29:37","date_gmt":"2024-08-23T14:29:37","guid":{"rendered":"https:\/\/www.madnaughty.cz\/?post_type=product&#038;p=1603"},"modified":"2024-08-23T16:34:17","modified_gmt":"2024-08-23T14:34:17","slug":"sklenice-s-bambusovym-vickem-a-brckem-throat-punch","status":"publish","type":"product","link":"https:\/\/www.madnaughty.cz\/?product=sklenice-s-bambusovym-vickem-a-brckem-throat-punch","title":{"rendered":"Sklenice s bambusov\u00fdm v\u00ed\u010dkem a br\u010dkem &#8211; Throat Punch"},"content":{"rendered":"<p>N\u011bkdy jsou dny, kdy to chce trochu s\u00edly a odvahy \u2013 a tato skleni\u010dka v\u00e1m to p\u0159ipomene. S motivem dvou drsn\u00fdch lebek a n\u00e1pisem &#8222;It\u2019s a Throat Punch Kinda Day&#8220; je p\u0159ipravena na studen\u00e9 n\u00e1poje s n\u00e1dechem rebelstv\u00ed. Objem 540 ml a bambusov\u00e9 v\u00ed\u010dko dod\u00e1vaj\u00ed styl a prakti\u010dnost.<\/p>\n<p>&nbsp;<\/p>\n<p>Skleni\u010dka na studen\u00e9 n\u00e1poje BEER CAN s ru\u010dn\u011b lepen\u00fdm motivem.<br \/>\nObjem \u2013 540 ml<br \/>\nBalen\u00ed obsahuje bambusov\u00e9 v\u00ed\u010dko a sklen\u011bn\u00e9 br\u010dko.<\/p>\n<p><strong>Skleni\u010dka nen\u00ed vhodn\u00e1 na hork\u00e9 n\u00e1poje ani do my\u010dky \u010di mikrovlnky.<br \/>\nMyt\u00ed pouze v ruce, neodmo\u010dujte.\u00a0<\/strong><\/p>\n","protected":false},"excerpt":{"rendered":"<p>Skleni\u010dka XL s bambusov\u00fdm v\u00ed\u010dkem a sklen\u011bn\u00fdm br\u010dkem<\/p>\n","protected":false},"featured_media":1616,"comment_status":"open","ping_status":"closed","template":"","meta":[],"product_cat":[73],"product_tag":[102,109],"class_list":{"0":"post-1603","1":"product","2":"type-product","3":"status-publish","4":"has-post-thumbnail","6":"product_cat-sklenicky","7":"product_tag-halloween","8":"product_tag-sarkasticke","10":"first","11":"instock","12":"shipping-taxable","13":"purchasable","14":"product-type-simple"},"_links":{"self":[{"href":"https:\/\/www.madnaughty.cz\/index.php?rest_route=\/wp\/v2\/product\/1603"}],"collection":[{"href":"https:\/\/www.madnaughty.cz\/index.php?rest_route=\/wp\/v2\/product"}],"about":[{"href":"https:\/\/www.madnaughty.cz\/index.php?rest_route=\/wp\/v2\/types\/product"}],"replies":[{"embeddable":true,"href":"https:\/\/www.madnaughty.cz\/index.php?rest_route=%2Fwp%2Fv2%2Fcomments&post=1603"}],"wp:featuredmedia":[{"embeddable":true,"href":"https:\/\/www.madnaughty.cz\/index.php?rest_route=\/wp\/v2\/media\/1616"}],"wp:attachment":[{"href":"https:\/\/www.madnaughty.cz\/index.php?rest_route=%2Fwp%2Fv2%2Fmedia&parent=1603"}],"wp:term":[{"taxonomy":"product_cat","embeddable":true,"href":"https:\/\/www.madnaughty.cz\/index.php?rest_route=%2Fwp%2Fv2%2Fproduct_cat&post=1603"},{"taxonomy":"product_tag","embeddable":true,"href":"https:\/\/www.madnaughty.cz\/index.php?rest_route=%2Fwp%2Fv2%2Fproduct_tag&post=1603"}],"curies":[{"name":"wp","href":"https:\/\/api.w.org\/{rel}","templated":true}]}}