{"id":1626,"date":"2024-08-23T16:34:21","date_gmt":"2024-08-23T14:34:21","guid":{"rendered":"https:\/\/www.madnaughty.cz\/?post_type=product&#038;p=1626"},"modified":"2024-08-23T16:35:10","modified_gmt":"2024-08-23T14:35:10","slug":"sklenice-s-bambusovym-vickem-a-brckem-homebody","status":"publish","type":"product","link":"https:\/\/www.madnaughty.cz\/?product=sklenice-s-bambusovym-vickem-a-brckem-homebody","title":{"rendered":"Sklenice s bambusov\u00fdm v\u00ed\u010dkem a br\u010dkem &#8211; Homebody"},"content":{"rendered":"<p>Pro ty, kte\u0159\u00ed nejrad\u011bji tr\u00e1v\u00ed \u010das doma, tato skleni\u010dka s n\u00e1pisem &#8222;Homebody&#8220; a motivem leno\u0161\u00edc\u00ed lebky na gau\u010di je jako stvo\u0159en\u00e1! S objemem 540 ml a bambusov\u00fdm v\u00ed\u010dkem si vychutn\u00e1te sv\u00e9 obl\u00edben\u00e9 studen\u00e9 n\u00e1poje v pohodl\u00ed sv\u00e9ho domova.<\/p>\n<p>Skleni\u010dka na studen\u00e9 n\u00e1poje BEER CAN s ru\u010dn\u011b lepen\u00fdm motivem.<br \/>\nObjem \u2013 540 ml<br \/>\nBalen\u00ed obsahuje bambusov\u00e9 v\u00ed\u010dko a sklen\u011bn\u00e9 br\u010dko.<\/p>\n<p><strong>Skleni\u010dka nen\u00ed vhodn\u00e1 na hork\u00e9 n\u00e1poje ani do my\u010dky \u010di mikrovlnky.<br \/>\nMyt\u00ed pouze v ruce, neodmo\u010dujte.\u00a0<\/strong><\/p>\n","protected":false},"excerpt":{"rendered":"<p>Skleni\u010dka XL s bambusov\u00fdm v\u00ed\u010dkem a sklen\u011bn\u00fdm br\u010dkem<\/p>\n","protected":false},"featured_media":1617,"comment_status":"open","ping_status":"closed","template":"","meta":[],"product_cat":[73],"product_tag":[102,109],"class_list":{"0":"post-1626","1":"product","2":"type-product","3":"status-publish","4":"has-post-thumbnail","6":"product_cat-sklenicky","7":"product_tag-halloween","8":"product_tag-sarkasticke","10":"first","11":"instock","12":"shipping-taxable","13":"purchasable","14":"product-type-simple"},"_links":{"self":[{"href":"https:\/\/www.madnaughty.cz\/index.php?rest_route=\/wp\/v2\/product\/1626"}],"collection":[{"href":"https:\/\/www.madnaughty.cz\/index.php?rest_route=\/wp\/v2\/product"}],"about":[{"href":"https:\/\/www.madnaughty.cz\/index.php?rest_route=\/wp\/v2\/types\/product"}],"replies":[{"embeddable":true,"href":"https:\/\/www.madnaughty.cz\/index.php?rest_route=%2Fwp%2Fv2%2Fcomments&post=1626"}],"wp:featuredmedia":[{"embeddable":true,"href":"https:\/\/www.madnaughty.cz\/index.php?rest_route=\/wp\/v2\/media\/1617"}],"wp:attachment":[{"href":"https:\/\/www.madnaughty.cz\/index.php?rest_route=%2Fwp%2Fv2%2Fmedia&parent=1626"}],"wp:term":[{"taxonomy":"product_cat","embeddable":true,"href":"https:\/\/www.madnaughty.cz\/index.php?rest_route=%2Fwp%2Fv2%2Fproduct_cat&post=1626"},{"taxonomy":"product_tag","embeddable":true,"href":"https:\/\/www.madnaughty.cz\/index.php?rest_route=%2Fwp%2Fv2%2Fproduct_tag&post=1626"}],"curies":[{"name":"wp","href":"https:\/\/api.w.org\/{rel}","templated":true}]}}