{"id":1629,"date":"2024-08-23T16:37:16","date_gmt":"2024-08-23T14:37:16","guid":{"rendered":"https:\/\/www.madnaughty.cz\/?post_type=product&#038;p=1629"},"modified":"2024-08-23T16:38:01","modified_gmt":"2024-08-23T14:38:01","slug":"sklenice-s-bambusovym-vickem-a-brckem-splish-splash-2","status":"publish","type":"product","link":"https:\/\/www.madnaughty.cz\/?product=sklenice-s-bambusovym-vickem-a-brckem-splish-splash-2","title":{"rendered":"Sklenice s bambusov\u00fdm v\u00ed\u010dkem a br\u010dkem &#8211; Splish Splash"},"content":{"rendered":"<p>P\u0159idejte do sv\u00e9ho dne trochu z\u00e1bavy s touto skleni\u010dkou! S motivem lebky u\u017e\u00edvaj\u00edc\u00ed si koupel a n\u00e1pisem &#8222;Splish Splash, Your Opinion Is Trash&#8220; p\u0159in\u00e1\u0161\u00ed humor a styl do ka\u017ed\u00e9ho dou\u0161ku. Objem 540 ml, bambusov\u00e9 v\u00ed\u010dko a sklen\u011bn\u00e9 br\u010dko d\u011blaj\u00ed z t\u00e9to skleni\u010dky ide\u00e1ln\u00edho spole\u010dn\u00edka na studen\u00e9 n\u00e1poje.<\/p>\n<p>Skleni\u010dka na studen\u00e9 n\u00e1poje BEER CAN s ru\u010dn\u011b lepen\u00fdm motivem.<br \/>\nObjem \u2013 540 ml<br \/>\nBalen\u00ed obsahuje bambusov\u00e9 v\u00ed\u010dko a sklen\u011bn\u00e9 br\u010dko.<\/p>\n<p><strong>Skleni\u010dka nen\u00ed vhodn\u00e1 na hork\u00e9 n\u00e1poje ani do my\u010dky \u010di mikrovlnky.<br \/>\nMyt\u00ed pouze v ruce, neodmo\u010dujte.\u00a0<\/strong><\/p>\n","protected":false},"excerpt":{"rendered":"<p>Skleni\u010dka XL s bambusov\u00fdm v\u00ed\u010dkem a sklen\u011bn\u00fdm br\u010dkem<\/p>\n","protected":false},"featured_media":1620,"comment_status":"open","ping_status":"closed","template":"","meta":[],"product_cat":[73],"product_tag":[102,109],"class_list":{"0":"post-1629","1":"product","2":"type-product","3":"status-publish","4":"has-post-thumbnail","6":"product_cat-sklenicky","7":"product_tag-halloween","8":"product_tag-sarkasticke","10":"first","11":"instock","12":"shipping-taxable","13":"purchasable","14":"product-type-simple"},"_links":{"self":[{"href":"https:\/\/www.madnaughty.cz\/index.php?rest_route=\/wp\/v2\/product\/1629"}],"collection":[{"href":"https:\/\/www.madnaughty.cz\/index.php?rest_route=\/wp\/v2\/product"}],"about":[{"href":"https:\/\/www.madnaughty.cz\/index.php?rest_route=\/wp\/v2\/types\/product"}],"replies":[{"embeddable":true,"href":"https:\/\/www.madnaughty.cz\/index.php?rest_route=%2Fwp%2Fv2%2Fcomments&post=1629"}],"wp:featuredmedia":[{"embeddable":true,"href":"https:\/\/www.madnaughty.cz\/index.php?rest_route=\/wp\/v2\/media\/1620"}],"wp:attachment":[{"href":"https:\/\/www.madnaughty.cz\/index.php?rest_route=%2Fwp%2Fv2%2Fmedia&parent=1629"}],"wp:term":[{"taxonomy":"product_cat","embeddable":true,"href":"https:\/\/www.madnaughty.cz\/index.php?rest_route=%2Fwp%2Fv2%2Fproduct_cat&post=1629"},{"taxonomy":"product_tag","embeddable":true,"href":"https:\/\/www.madnaughty.cz\/index.php?rest_route=%2Fwp%2Fv2%2Fproduct_tag&post=1629"}],"curies":[{"name":"wp","href":"https:\/\/api.w.org\/{rel}","templated":true}]}}