{"id":1634,"date":"2024-08-23T16:41:36","date_gmt":"2024-08-23T14:41:36","guid":{"rendered":"https:\/\/www.madnaughty.cz\/?post_type=product&#038;p=1634"},"modified":"2024-08-23T16:45:51","modified_gmt":"2024-08-23T14:45:51","slug":"sklenice-s-bambusovym-vickem-a-brckem-broke-and-bougie","status":"publish","type":"product","link":"https:\/\/www.madnaughty.cz\/?product=sklenice-s-bambusovym-vickem-a-brckem-broke-and-bougie","title":{"rendered":"Sklenice s bambusov\u00fdm v\u00ed\u010dkem a br\u010dkem &#8211; Broke and Bougie"},"content":{"rendered":"<p>Pro v\u0161echny, kte\u0159\u00ed znaj\u00ed ten pocit, kdy\u017e je pen\u011b\u017eenka pr\u00e1zdn\u00e1, ale styl mus\u00ed z\u016fstat! Tato skleni\u010dka s objemem 540 ml a ru\u010dn\u011b lepen\u00fdm motivem s lebkou v r\u016f\u017eov\u00e9m kab\u00e1tu a s drinkem v ruce dokonale vystihuje \u017eivotn\u00ed postoj &#8222;Broke and Bougie&#8220;. V balen\u00ed s bambusov\u00fdm v\u00ed\u010dkem a sklen\u011bn\u00fdm br\u010dkem je ide\u00e1ln\u00ed na studen\u00e9 n\u00e1poje.<\/p>\n<p>Skleni\u010dka na studen\u00e9 n\u00e1poje BEER CAN s ru\u010dn\u011b lepen\u00fdm motivem.<br \/>\nObjem \u2013 540 ml<br \/>\nBalen\u00ed obsahuje bambusov\u00e9 v\u00ed\u010dko a sklen\u011bn\u00e9 br\u010dko.<\/p>\n<p><strong>Skleni\u010dka nen\u00ed vhodn\u00e1 na hork\u00e9 n\u00e1poje ani do my\u010dky \u010di mikrovlnky.<br \/>\nMyt\u00ed pouze v ruce, neodmo\u010dujte.\u00a0<\/strong><\/p>\n","protected":false},"excerpt":{"rendered":"<p>Skleni\u010dka XL s bambusov\u00fdm v\u00ed\u010dkem a sklen\u011bn\u00fdm br\u010dkem<\/p>\n","protected":false},"featured_media":1624,"comment_status":"open","ping_status":"closed","template":"","meta":[],"product_cat":[73],"product_tag":[102,109],"class_list":{"0":"post-1634","1":"product","2":"type-product","3":"status-publish","4":"has-post-thumbnail","6":"product_cat-sklenicky","7":"product_tag-halloween","8":"product_tag-sarkasticke","10":"first","11":"instock","12":"shipping-taxable","13":"purchasable","14":"product-type-simple"},"_links":{"self":[{"href":"https:\/\/www.madnaughty.cz\/index.php?rest_route=\/wp\/v2\/product\/1634"}],"collection":[{"href":"https:\/\/www.madnaughty.cz\/index.php?rest_route=\/wp\/v2\/product"}],"about":[{"href":"https:\/\/www.madnaughty.cz\/index.php?rest_route=\/wp\/v2\/types\/product"}],"replies":[{"embeddable":true,"href":"https:\/\/www.madnaughty.cz\/index.php?rest_route=%2Fwp%2Fv2%2Fcomments&post=1634"}],"wp:featuredmedia":[{"embeddable":true,"href":"https:\/\/www.madnaughty.cz\/index.php?rest_route=\/wp\/v2\/media\/1624"}],"wp:attachment":[{"href":"https:\/\/www.madnaughty.cz\/index.php?rest_route=%2Fwp%2Fv2%2Fmedia&parent=1634"}],"wp:term":[{"taxonomy":"product_cat","embeddable":true,"href":"https:\/\/www.madnaughty.cz\/index.php?rest_route=%2Fwp%2Fv2%2Fproduct_cat&post=1634"},{"taxonomy":"product_tag","embeddable":true,"href":"https:\/\/www.madnaughty.cz\/index.php?rest_route=%2Fwp%2Fv2%2Fproduct_tag&post=1634"}],"curies":[{"name":"wp","href":"https:\/\/api.w.org\/{rel}","templated":true}]}}